{"id":292,"date":"2023-11-17T09:22:04","date_gmt":"2023-11-17T09:22:04","guid":{"rendered":"https:\/\/www.gardenartshop.com\/?page_id=292"},"modified":"2026-01-08T00:32:29","modified_gmt":"2026-01-07T16:32:29","slug":"about-us","status":"publish","type":"page","link":"https:\/\/tatamercado.com\/es\/about-us\/","title":{"rendered":"Sobre nosotros"},"content":{"rendered":"\t\t<div data-elementor-type=\"wp-page\" data-elementor-id=\"292\" class=\"elementor elementor-292\">\n\t\t\t\t<div class=\"wd-negative-gap elementor-element elementor-element-9466fa7 e-flex e-con-boxed e-con e-parent\" data-id=\"9466fa7\" data-element_type=\"container\">\n\t\t\t\t\t<div class=\"e-con-inner\">\n\t\t<div class=\"elementor-element elementor-element-ed728cc e-con-full e-flex elementor-invisible e-con e-child\" data-id=\"ed728cc\" data-element_type=\"container\" data-settings=\"{&quot;animation&quot;:&quot;fadeInUp&quot;}\">\n\t\t\t\t<div class=\"elementor-element elementor-element-0856b77 wd-width-100 elementor-widget elementor-widget-wd_title\" data-id=\"0856b77\" data-element_type=\"widget\" data-widget_type=\"wd_title.default\">\n\t\t\t\t<div class=\"elementor-widget-container\">\n\t\t\t\t\t\t\t<div class=\"title-wrapper wd-set-mb reset-last-child wd-title-color-default wd-title-style-default wd-title-size-default text-left\">\n\n\t\t\t\t\t\t\t\t\t\t\t<div class=\"title-subtitle subtitle-color-default subtitle-style-background wd-fontsize-xs\">\n\t\t\t\t\tQuienes somos\t\t\t\t<\/div>\n\t\t\t\n\t\t\t<div class=\"liner-continer\">\n\t\t\t\t<h2 class=\"woodmart-title-container title wd-fontsize-l\"><\/h2> \n\t\t\t\t\t\t\t<\/div>\n\n\t\t\t\t\t\t\t<div class=\"title-after_title reset-last-child wd-fontsize-xs\">\n\t\t\t\t\t<p><strong>Bienvenidos empresarios nacionales y extranjeros para negociar!!!!<\/strong><\/p><p>Quanzhou Jianda Import and Export Trade Co., Ltd se estableci\u00f3 en el 2006, ubicada en la zona industrial del oeste de Wan\u00b4antang, distrito Luojiang, ciudad de Quanzhou,<br \/>provincia de Fujian, China como una empresa productora, de ventas y log\u00edstica que integra la importaci\u00f3n y exportaci\u00f3n de comercio exterior.<br \/>La empresa paname\u00f1a de propiedad total de la compa\u00f1ia: \u201cCaribbean Brisa<br \/>Holding Group S.A.\u201d, es la plataforma de comercio internacional de Jianda.<br \/>Los principales productos de exportaci\u00f3n de la empresa incluyen: prendas de vestir, tejidos, calzado, bolsos, autopartes, art\u00edculos sanitarios, partes y piezas,<br \/>articulos de oficina, del hogar, de cocina y para beb\u00e9s, suministros de medios de<br \/>protecci\u00f3n, herramientas el\u00e9ctricas manuales, electrodom\u00e9sticos, materias<br \/>primas qu\u00edmicas, aseo y dem\u00e1s suministros que se utilzan de manera cotidiana en la mayoria de las industrias.<br \/>Jianda ha estado profundamente involucrada con el mercado cubano<br \/>durante muchos a\u00f1os y su volumen de exportaci\u00f3n anual a Cuba es de aproximadamente 50 millones de d\u00f3lares estadounidenses. En Cuba existe una base de clientes estable y una buena reputaci\u00f3n en el mercado.<br \/>Nuestro equipo de negocios tiene una rica experiencia en el comercio internacional y puede atender de manera eficiente a nacionales y<br \/>extranjeros. En t\u00e9rminos de gesti\u00f3n y operaci\u00f3n internas, la compa\u00f1ia sigue el ritmo y se acerca a empresas de nivel mundial, mejora<br \/>constantemente la operaci\u00f3n internacional de \u201cmercados, productos,m\u00e9todos y estrategias de cooperaci\u00f3n diversificados, con miras a<br \/>convertirse una empresa de comercio exterior de primera clase en el pa\u00eds.<\/p>\t\t\t\t<\/div>\n\t\t\t\t\t<\/div>\n\t\t\t\t\t\t<\/div>\n\t\t\t\t<\/div>\n\t\t\t\t<div class=\"elementor-element elementor-element-3dfbf66 elementor-widget elementor-widget-wd_button\" data-id=\"3dfbf66\" data-element_type=\"widget\" data-widget_type=\"wd_button.default\">\n\t\t\t\t<div class=\"elementor-widget-container\">\n\t\t\t\t\t\t\t<div class=\"wd-button-wrapper text-left\" >\n\t\t\t<a class=\"btn btn-style-default btn-shape-round btn-size-default btn-color-primary btn-icon-pos-right\"  href=\"https:\/\/tatamercado.com\/contact\/\">\n\t\t\t\t<span class=\"wd-btn-text\" data-elementor-setting-key=\"text\">\n\t\t\t\t\tContact us\t\t\t\t<\/span>\n\n\t\t\t\t\t\t\t\t\t<span class=\"wd-btn-icon\">\n\t\t\t\t\t\t<svg class=\"wd-icon e-font-icon-svg e-fas-arrow-right\" viewBox=\"0 0 448 512\" xmlns=\"http:\/\/www.w3.org\/2000\/svg\"><path d=\"M190.5 66.9l22.2-22.2c9.4-9.4 24.6-9.4 33.9 0L441 239c9.4 9.4 9.4 24.6 0 33.9L246.6 467.3c-9.4 9.4-24.6 9.4-33.9 0l-22.2-22.2c-9.5-9.5-9.3-25 .4-34.3L311.4 296H24c-13.3 0-24-10.7-24-24v-32c0-13.3 10.7-24 24-24h287.4L190.9 101.2c-9.8-9.3-10-24.8-.4-34.3z\"><\/path><\/svg>\t\t\t\t\t<\/span>\n\t\t\t\t\t\t\t<\/a>\n\t\t<\/div>\n\t\t\t\t\t\t<\/div>\n\t\t\t\t<\/div>\n\t\t\t\t<\/div>\n\t\t<div class=\"elementor-element elementor-element-6175323 e-con-full e-flex elementor-invisible e-con e-child\" data-id=\"6175323\" data-element_type=\"container\" data-settings=\"{&quot;animation&quot;:&quot;fadeInUp&quot;}\">\n\t\t\t\t<div class=\"elementor-element elementor-element-41b849f wd-width-100 elementor-widget elementor-widget-wd_images_gallery\" data-id=\"41b849f\" data-element_type=\"widget\" data-widget_type=\"wd_images_gallery.default\">\n\t\t\t\t<div class=\"elementor-widget-container\">\n\t\t\t\t\t\t\t<div class=\"wd-images-gallery\" style=\"--wd-align-items:center; --wd-justify-content:center;\">\n\t\t\t\t\t\t<div class=\"wd-grid-g\" style=\"--wd-col-lg:2;--wd-col-md:2;--wd-col-sm:2;--wd-gap-lg:20px;--wd-gap-sm:10px;\" >\n\t\t\t\t\t\t\t\t\t\t\t\t\t\t\t\t\t\t<div class=\"wd-gallery-item wd-col\">\n\t\t\t\t\t\t\n\t\t\t\t\t\t<img fetchpriority=\"high\" decoding=\"async\" width=\"800\" height=\"1200\" src=\"https:\/\/tatamercado.com\/wp-content\/uploads\/2025\/01\/about-1.jpg\" class=\"attachment-full size-full\" alt=\"About us\" srcset=\"https:\/\/tatamercado.com\/wp-content\/uploads\/2025\/01\/about-1.jpg 800w, https:\/\/tatamercado.com\/wp-content\/uploads\/2025\/01\/about-1-150x225.jpg 150w, https:\/\/tatamercado.com\/wp-content\/uploads\/2025\/01\/about-1-600x900.jpg 600w, https:\/\/tatamercado.com\/wp-content\/uploads\/2025\/01\/about-1-200x300.jpg 200w, https:\/\/tatamercado.com\/wp-content\/uploads\/2025\/01\/about-1-683x1024.jpg 683w, https:\/\/tatamercado.com\/wp-content\/uploads\/2025\/01\/about-1-768x1152.jpg 768w\" sizes=\"(max-width: 800px) 100vw, 800px\" \/>\n\t\t\t\t\t\t\t\t\t\t\t<\/div>\n\t\t\t\t\t\t\t\t\t\t\t\t\t\t\t<div class=\"wd-gallery-item wd-col\">\n\t\t\t\t\t\t\n\t\t\t\t\t\t<img decoding=\"async\" width=\"800\" height=\"1200\" src=\"https:\/\/tatamercado.com\/wp-content\/uploads\/2025\/01\/about-2.jpg\" class=\"attachment-full size-full\" alt=\"About us\" srcset=\"https:\/\/tatamercado.com\/wp-content\/uploads\/2025\/01\/about-2.jpg 800w, https:\/\/tatamercado.com\/wp-content\/uploads\/2025\/01\/about-2-150x225.jpg 150w, https:\/\/tatamercado.com\/wp-content\/uploads\/2025\/01\/about-2-600x900.jpg 600w, https:\/\/tatamercado.com\/wp-content\/uploads\/2025\/01\/about-2-200x300.jpg 200w, https:\/\/tatamercado.com\/wp-content\/uploads\/2025\/01\/about-2-683x1024.jpg 683w, https:\/\/tatamercado.com\/wp-content\/uploads\/2025\/01\/about-2-768x1152.jpg 768w\" sizes=\"(max-width: 800px) 100vw, 800px\" \/>\n\t\t\t\t\t\t\t\t\t\t\t<\/div>\n\t\t\t\t\t\t\t\t\t\t\t\t\t<\/div>\n\t\t\t\t\t<\/div>\n\t\t\t\t\t\t<\/div>\n\t\t\t\t<\/div>\n\t\t\t\t<div class=\"elementor-element elementor-element-33bddbc elementor-widget elementor-widget-wd_image_or_svg\" data-id=\"33bddbc\" data-element_type=\"widget\" data-widget_type=\"wd_image_or_svg.default\">\n\t\t\t\t<div class=\"elementor-widget-container\">\n\t\t\t\t\t\n\t\t<div class=\"wd-image text-center\">\n\t\t\t\t\t\t\t\t\t\t\t\t\t<\/div>\n\n\t\t\t\t\t\t<\/div>\n\t\t\t\t<\/div>\n\t\t\t\t<\/div>\n\t\t\t\t\t<\/div>\n\t\t\t\t<\/div>\n\t\t<div class=\"wd-negative-gap elementor-element elementor-element-850f4af wd-section-stretch e-flex e-con-boxed e-con e-parent\" data-id=\"850f4af\" data-element_type=\"container\" data-settings=\"{&quot;background_background&quot;:&quot;classic&quot;}\">\n\t\t\t\t\t<div class=\"e-con-inner\">\n\t\t\t\t<div class=\"elementor-element elementor-element-5a0bf82 wd-width-100 elementor-invisible elementor-widget elementor-widget-wd_title\" data-id=\"5a0bf82\" data-element_type=\"widget\" data-settings=\"{&quot;_animation&quot;:&quot;fadeInUp&quot;}\" data-widget_type=\"wd_title.default\">\n\t\t\t\t<div class=\"elementor-widget-container\">\n\t\t\t\t\t\t\t<div class=\"title-wrapper wd-set-mb reset-last-child wd-title-color-default wd-title-style-default wd-title-size-default text-center\">\n\n\t\t\t\t\t\t\t\t\t\t\t<div class=\"title-subtitle subtitle-color-default subtitle-style-background wd-fontsize-xs\">\n\t\t\t\t\tNuestro servicio\t\t\t\t<\/div>\n\t\t\t\n\t\t\t<div class=\"liner-continer\">\n\t\t\t\t<h2 class=\"woodmart-title-container title wd-fontsize-l\">\u00bfPor qu\u00e9 deber\u00eda elegir los servicios?<\/h2> \n\t\t\t\t\t\t\t<\/div>\n\n\t\t\t\t\t\t\t<div class=\"title-after_title reset-last-child wd-fontsize-xs\">\n\t\t\t\t\t<p>Elegirnos es apostar por <strong>calidad, confianza y resultados<\/strong>. Nuestro compromiso es ofrecerte soluciones que realmente marquen la diferencia en tu negocio.<\/p><p>Contamos con la experiencia y el conocimiento necesarios para brindarte un servicio eficiente, moderno y adaptado a tus necesidades.<\/p>\t\t\t\t<\/div>\n\t\t\t\t\t<\/div>\n\t\t\t\t\t\t<\/div>\n\t\t\t\t<\/div>\n\t\t<div class=\"elementor-element elementor-element-1648709 e-grid e-con-full elementor-invisible e-con e-child\" data-id=\"1648709\" data-element_type=\"container\" data-settings=\"{&quot;animation&quot;:&quot;fadeInUp&quot;}\">\n\t\t<div class=\"elementor-element elementor-element-a8ec23c e-con-full e-flex e-con e-child\" data-id=\"a8ec23c\" data-element_type=\"container\">\n\t\t\t\t<div class=\"elementor-element elementor-element-3c19cd7 elementor-widget-tablet_extra__width-initial elementor-widget elementor-widget-wd_infobox\" data-id=\"3c19cd7\" data-element_type=\"widget\" data-widget_type=\"wd_infobox.default\">\n\t\t\t\t<div class=\"elementor-widget-container\">\n\t\t\t\t\t\t\t<div class=\"info-box-wrapper\">\n\t\t\t<div class=\"wd-info-box text-center box-icon-align-top box-style-bg-hover color-scheme- color-scheme-hover-light\">\n\t\t\t\t\t\t\t\t\t<div class=\"box-icon-wrapper  box-with-icon box-icon-with-bg\">\n\t\t\t\t\t\t<div class=\"info-box-icon\">\n\t\t\t\t\t\t\t\t\t\t\t\t\t\t\t<div class=\"info-svg-wrapper\" style=\"width:40px; height:px;\"><img decoding=\"async\"  src=\"https:\/\/tatamercado.com\/wp-content\/uploads\/2025\/01\/cart.svg\" title=\"cart\" loading=\"lazy\" width=\"40\"><\/div>\t\t\t\t\t\t\t\t\t\t\t\t\t<\/div>\n\t\t\t\t\t<\/div>\n\t\t\t\t\n\t\t\t\t<div class=\"info-box-content\">\n\t\t\t\t\t\n\t\t\t\t\t\t\t\t\t\t\t<h3\t\t\t\t\t\tclass=\"info-box-title title box-title-style-default wd-fontsize-m\" data-elementor-setting-key=\"title\">\n\t\t\t\t\t\t\t\tServicios de soporte 24 horas al d\u00eda, 7 d\u00edas a la semana\t\t\t\t\t\t<\/h3>\n\t\t\t\t\t\n\t\t\t\t\t<div class=\"info-box-inner reset-last-child\"data-elementor-setting-key=\"content\"><p>\u201cNo importa la hora ni el d\u00eda, siempre estamos disponibles para ayudarte.\u201d<\/p>\n<\/div>\n\n\t\t\t\t\t\t\t\t\t<\/div>\n\n\t\t\t\t\t\t\t<\/div>\n\t\t<\/div>\n\t\t\t\t\t\t<\/div>\n\t\t\t\t<\/div>\n\t\t\t\t<\/div>\n\t\t<div class=\"elementor-element elementor-element-9ad45a9 e-con-full e-flex e-con e-child\" data-id=\"9ad45a9\" data-element_type=\"container\">\n\t\t\t\t<div class=\"elementor-element elementor-element-30748a8 elementor-widget elementor-widget-wd_infobox\" data-id=\"30748a8\" data-element_type=\"widget\" data-widget_type=\"wd_infobox.default\">\n\t\t\t\t<div class=\"elementor-widget-container\">\n\t\t\t\t\t\t\t<div class=\"info-box-wrapper\">\n\t\t\t<div class=\"wd-info-box text-center box-icon-align-top box-style-bg-hover color-scheme- color-scheme-hover-light\">\n\t\t\t\t\t\t\t\t\t<div class=\"box-icon-wrapper  box-with-icon box-icon-with-bg\">\n\t\t\t\t\t\t<div class=\"info-box-icon\">\n\t\t\t\t\t\t\t\t\t\t\t\t\t\t\t<div class=\"info-svg-wrapper\" style=\"width:40px; height:px;\"><img decoding=\"async\"  src=\"https:\/\/tatamercado.com\/wp-content\/uploads\/2025\/01\/cart.svg\" title=\"cart\" loading=\"lazy\" width=\"40\"><\/div>\t\t\t\t\t\t\t\t\t\t\t\t\t<\/div>\n\t\t\t\t\t<\/div>\n\t\t\t\t\n\t\t\t\t<div class=\"info-box-content\">\n\t\t\t\t\t\n\t\t\t\t\t\t\t\t\t\t\t<h3\t\t\t\t\t\tclass=\"info-box-title title box-title-style-default wd-fontsize-m\" data-elementor-setting-key=\"title\">\n\t\t\t\t\t\t\t\tOfertas y descuentos\t\t\t\t\t\t<\/h3>\n\t\t\t\t\t\n\t\t\t\t\t<div class=\"info-box-inner reset-last-child\"data-elementor-setting-key=\"content\"><p>\u201cAqu\u00ed siempre encontrar\u00e1s promociones y precios especiales.\u201d<\/p>\n<p>\u201cAprovecha nuestras ofertas y descuentos permanentes. \u00a1Cont\u00e1ctanos y pregunta por las promociones activas!\u201d<\/p>\n<\/div>\n\n\t\t\t\t\t\t\t\t\t<\/div>\n\n\t\t\t\t\t\t\t<\/div>\n\t\t<\/div>\n\t\t\t\t\t\t<\/div>\n\t\t\t\t<\/div>\n\t\t\t\t<\/div>\n\t\t\t\t<\/div>\n\t\t\t\t\t<\/div>\n\t\t\t\t<\/div>\n\t\t<div class=\"wd-negative-gap elementor-element elementor-element-d09728e e-flex e-con-boxed e-con e-parent\" data-id=\"d09728e\" data-element_type=\"container\">\n\t\t\t\t\t<div class=\"e-con-inner\">\n\t\t\t\t<div class=\"elementor-element elementor-element-26a435a wd-width-100 elementor-invisible elementor-widget elementor-widget-wd_title\" data-id=\"26a435a\" data-element_type=\"widget\" data-settings=\"{&quot;_animation&quot;:&quot;fadeInUp&quot;}\" data-widget_type=\"wd_title.default\">\n\t\t\t\t<div class=\"elementor-widget-container\">\n\t\t\t\t\t\t\t<div class=\"title-wrapper wd-set-mb reset-last-child wd-title-color-default wd-title-style-default wd-title-size-default text-center\">\n\n\t\t\t\t\t\t\t\t\t\t\t<div class=\"title-subtitle subtitle-color-default subtitle-style-background wd-fontsize-xs\">\n\t\t\t\t\tTestimonios\t\t\t\t<\/div>\n\t\t\t\n\t\t\t<div class=\"liner-continer\">\n\t\t\t\t<h2 class=\"woodmart-title-container title wd-fontsize-l\">Los clientes conf\u00edan en nosotros<\/h2> \n\t\t\t\t\t\t\t<\/div>\n\n\t\t\t\t\t\t\t<div class=\"title-after_title reset-last-child wd-fontsize-xs\">\n\t\t\t\t\t<p>Compra con confianza, tu seguridad es nuestra prioridad<\/p>\t\t\t\t<\/div>\n\t\t\t\t\t<\/div>\n\t\t\t\t\t\t<\/div>\n\t\t\t\t<\/div>\n\t\t\t\t<div class=\"elementor-element elementor-element-658cdf3 elementor-invisible elementor-widget elementor-widget-wd_testimonials\" data-id=\"658cdf3\" data-element_type=\"widget\" data-settings=\"{&quot;_animation&quot;:&quot;fadeInUp&quot;}\" data-widget_type=\"wd_testimonials.default\">\n\t\t\t\t<div class=\"elementor-widget-container\">\n\t\t\t\t\t\t\t<div class=\"testimonials testimon-style-boxed  color-scheme- testimon-with-rating testimon-align-center wd-carousel-container wd-carousel-dis-mb wd-off-md wd-off-sm\" id=\"carousel-8666\">\n\t\t\t\t\t\t\t<div class=\"wd-carousel-inner\">\n\t\t\t\n\t\t\t<div class=\"wd-carousel wd-grid\" data-scroll_per_page=\"yes\" style=\"--wd-col-lg:3;--wd-col-md:3;--wd-col-sm:1;--wd-gap-lg:30px;--wd-gap-sm:10px;\">\n\t\t\t\t\t\t\t\t\t<div class=\"wd-carousel-wrap\">\n\t\t\t\t\n\t\t\t\t\t\t\t\t\t\n<div class=\"testimonial wd-carousel-item\">\n\t<div class=\"testimonial-inner\">\n\t\t\t\t\t<div class=\"testimonial-avatar\">\n\t\t\t\t<img decoding=\"async\" width=\"70\" height=\"70\" src=\"https:\/\/tatamercado.com\/wp-content\/uploads\/2023\/11\/testimonial_01.jpg\" class=\"testimonial-avatar-image\" alt=\"\" \/>\t\t\t<\/div>\n\t\t\n\t\t<div class=\"testimonial-content\">\n\t\t\t<div class=\"testimonial-rating\">\n\t\t\t\t<span class=\"star-rating\">\n\t\t\t\t\t<span style=\"width:100%\"><\/span>\n\t\t\t\t<\/span>\n\t\t\t<\/div>\n\n\t\t\t<p>Lorem ipsum, or lipsum as it is sometimes known, is dummy text used in laying out print, graphic or web designs.<\/p>\n\t\t\t<footer>\n\t\t\t\tKingsley Chandler\n\t\t\t\t\t\t\t\t\t<span>\n\t\t\t\t\t\tEnvironmental Economist\t\t\t\t\t<\/span>\n\t\t\t\t\t\t\t<\/footer>\n\t\t<\/div>\n\t<\/div>\n<\/div>\t\t\t\t\n\t\t\t\t\t\t\t\t\t<\/div>\n\t\t\t\t\t\t\t<\/div>\n\t\t\t\t\t\t\t\t\t\t\t\t\t\t<div class=\"wd-nav-arrows wd-pos-together wd-hover-1 wd-icon-1\">\n\t\t\t<div class=\"wd-btn-arrow wd-prev wd-disabled\">\n\t\t\t\t<div class=\"wd-arrow-inner\"><\/div>\n\t\t\t<\/div>\n\t\t\t<div class=\"wd-btn-arrow wd-next\">\n\t\t\t\t<div class=\"wd-arrow-inner\"><\/div>\n\t\t\t<\/div>\n\t\t<\/div>\n\t\t\t\t\t\t\n\t\t\t\t<\/div>\n\n\t\t\t\t\t\t<div class=\"wd-nav-pagin-wrap text-center wd-style-shape wd-hide-md-sm wd-hide-sm\">\n\t\t\t<ul class=\"wd-nav-pagin\"><\/ul>\n\t\t<\/div>\n\t\t\t\t\t\t\t\t\t\t\t<\/div>\n\t\t\t\t\t\t<\/div>\n\t\t\t\t<\/div>\n\t\t\t\t\t<\/div>\n\t\t\t\t<\/div>\n\t\t<div class=\"wd-negative-gap elementor-element elementor-element-11197bd e-flex e-con-boxed e-con e-parent\" data-id=\"11197bd\" data-element_type=\"container\">\n\t\t\t\t\t<div class=\"e-con-inner\">\n\t\t\t\t<div class=\"elementor-element elementor-element-3747db4 elementor-widget elementor-widget-wd_text_block\" data-id=\"3747db4\" data-element_type=\"widget\" data-widget_type=\"wd_text_block.default\">\n\t\t\t\t<div class=\"elementor-widget-container\">\n\t\t\t\t\t\t\t<div class=\"wd-text-block reset-last-child text-left\">\n\t\t\t\n\t\t\t<p>Jianda Grupo Caribbean Brisa<br \/><br \/><\/p>\n\t\t\t\t\t<\/div>\n\t\t\t\t\t\t<\/div>\n\t\t\t\t<\/div>\n\t\t\t\t\t<\/div>\n\t\t\t\t<\/div>\n\t\t\t\t<\/div>\n\t\t","protected":false},"excerpt":{"rendered":"<p>Quienes somos Bienvenidos empresarios nacionales y extranjeros para negociar!!!! Quanzhou Jianda Import and Export Trade Co., Ltd se estableci\u00f3 en<\/p>\n","protected":false},"author":1,"featured_media":0,"parent":0,"menu_order":0,"comment_status":"closed","ping_status":"closed","template":"elementor_header_footer","meta":{"footnotes":""},"class_list":["post-292","page","type-page","status-publish","hentry"],"yoast_head":"<!-- This site is optimized with the Yoast SEO plugin v24.9 - https:\/\/yoast.com\/wordpress\/plugins\/seo\/ -->\n<title>Sobre nosotros - Tata mercado<\/title>\n<meta name=\"robots\" content=\"noindex, follow, max-snippet:-1, max-image-preview:large, max-video-preview:-1\" \/>\n<meta property=\"og:locale\" content=\"es_ES\" \/>\n<meta property=\"og:type\" content=\"article\" \/>\n<meta property=\"og:title\" content=\"Sobre nosotros - Tata mercado\" \/>\n<meta property=\"og:description\" content=\"Quienes somos Bienvenidos empresarios nacionales y extranjeros para negociar!!!! Quanzhou Jianda Import and Export Trade Co., Ltd se estableci\u00f3 en\" \/>\n<meta property=\"og:url\" content=\"https:\/\/tatamercado.com\/es\/about-us\/\" \/>\n<meta property=\"og:site_name\" content=\"Tata mercado\" \/>\n<meta property=\"article:modified_time\" content=\"2026-01-07T16:32:29+00:00\" \/>\n<meta property=\"og:image\" content=\"https:\/\/tatamercado.com\/wp-content\/uploads\/2025\/01\/about-1.jpg\" \/>\n<meta name=\"twitter:card\" content=\"summary_large_image\" \/>\n<meta name=\"twitter:label1\" content=\"Tiempo de lectura\" \/>\n\t<meta name=\"twitter:data1\" content=\"4 minutos\" \/>\n<script type=\"application\/ld+json\" class=\"yoast-schema-graph\">{\"@context\":\"https:\/\/schema.org\",\"@graph\":[{\"@type\":\"WebPage\",\"@id\":\"https:\/\/tatamercado.com\/about-us\/\",\"url\":\"https:\/\/tatamercado.com\/about-us\/\",\"name\":\"Sobre nosotros - Tata mercado\",\"isPartOf\":{\"@id\":\"https:\/\/tatamercado.com\/#website\"},\"primaryImageOfPage\":{\"@id\":\"https:\/\/tatamercado.com\/about-us\/#primaryimage\"},\"image\":{\"@id\":\"https:\/\/tatamercado.com\/about-us\/#primaryimage\"},\"thumbnailUrl\":\"https:\/\/tatamercado.com\/wp-content\/uploads\/2025\/01\/about-1.jpg\",\"datePublished\":\"2023-11-17T09:22:04+00:00\",\"dateModified\":\"2026-01-07T16:32:29+00:00\",\"breadcrumb\":{\"@id\":\"https:\/\/tatamercado.com\/about-us\/#breadcrumb\"},\"inLanguage\":\"es\",\"potentialAction\":[{\"@type\":\"ReadAction\",\"target\":[\"https:\/\/tatamercado.com\/about-us\/\"]}]},{\"@type\":\"ImageObject\",\"inLanguage\":\"es\",\"@id\":\"https:\/\/tatamercado.com\/about-us\/#primaryimage\",\"url\":\"https:\/\/tatamercado.com\/wp-content\/uploads\/2025\/01\/about-1.jpg\",\"contentUrl\":\"https:\/\/tatamercado.com\/wp-content\/uploads\/2025\/01\/about-1.jpg\"},{\"@type\":\"BreadcrumbList\",\"@id\":\"https:\/\/tatamercado.com\/about-us\/#breadcrumb\",\"itemListElement\":[{\"@type\":\"ListItem\",\"position\":1,\"name\":\"Home\",\"item\":\"https:\/\/tatamercado.com\/\"},{\"@type\":\"ListItem\",\"position\":2,\"name\":\"Sobre nosotros\"}]},{\"@type\":\"WebSite\",\"@id\":\"https:\/\/tatamercado.com\/#website\",\"url\":\"https:\/\/tatamercado.com\/\",\"name\":\"Tata mercado\",\"description\":\"Tata Super mercado\",\"publisher\":{\"@id\":\"https:\/\/tatamercado.com\/#organization\"},\"potentialAction\":[{\"@type\":\"SearchAction\",\"target\":{\"@type\":\"EntryPoint\",\"urlTemplate\":\"https:\/\/tatamercado.com\/?s={search_term_string}\"},\"query-input\":{\"@type\":\"PropertyValueSpecification\",\"valueRequired\":true,\"valueName\":\"search_term_string\"}}],\"inLanguage\":\"es\"},{\"@type\":\"Organization\",\"@id\":\"https:\/\/tatamercado.com\/#organization\",\"name\":\"Tata mercado\",\"url\":\"https:\/\/tatamercado.com\/\",\"logo\":{\"@type\":\"ImageObject\",\"inLanguage\":\"es\",\"@id\":\"https:\/\/tatamercado.com\/#\/schema\/logo\/image\/\",\"url\":\"https:\/\/tatamercado.com\/wp-content\/uploads\/2025\/01\/logo-60.svg\",\"contentUrl\":\"https:\/\/tatamercado.com\/wp-content\/uploads\/2025\/01\/logo-60.svg\",\"width\":170,\"height\":60,\"caption\":\"Tata mercado\"},\"image\":{\"@id\":\"https:\/\/tatamercado.com\/#\/schema\/logo\/image\/\"}}]}<\/script>\n<!-- \/ Yoast SEO plugin. -->","yoast_head_json":{"title":"Sobre nosotros - Tata mercado","robots":{"index":"noindex","follow":"follow","max-snippet":"max-snippet:-1","max-image-preview":"max-image-preview:large","max-video-preview":"max-video-preview:-1"},"og_locale":"es_ES","og_type":"article","og_title":"Sobre nosotros - Tata mercado","og_description":"Quienes somos Bienvenidos empresarios nacionales y extranjeros para negociar!!!! Quanzhou Jianda Import and Export Trade Co., Ltd se estableci\u00f3 en","og_url":"https:\/\/tatamercado.com\/es\/about-us\/","og_site_name":"Tata mercado","article_modified_time":"2026-01-07T16:32:29+00:00","og_image":[{"url":"https:\/\/tatamercado.com\/wp-content\/uploads\/2025\/01\/about-1.jpg","type":"","width":"","height":""}],"twitter_card":"summary_large_image","twitter_misc":{"Tiempo de lectura":"4 minutos"},"schema":{"@context":"https:\/\/schema.org","@graph":[{"@type":"WebPage","@id":"https:\/\/tatamercado.com\/about-us\/","url":"https:\/\/tatamercado.com\/about-us\/","name":"Sobre nosotros - Tata mercado","isPartOf":{"@id":"https:\/\/tatamercado.com\/#website"},"primaryImageOfPage":{"@id":"https:\/\/tatamercado.com\/about-us\/#primaryimage"},"image":{"@id":"https:\/\/tatamercado.com\/about-us\/#primaryimage"},"thumbnailUrl":"https:\/\/tatamercado.com\/wp-content\/uploads\/2025\/01\/about-1.jpg","datePublished":"2023-11-17T09:22:04+00:00","dateModified":"2026-01-07T16:32:29+00:00","breadcrumb":{"@id":"https:\/\/tatamercado.com\/about-us\/#breadcrumb"},"inLanguage":"es","potentialAction":[{"@type":"ReadAction","target":["https:\/\/tatamercado.com\/about-us\/"]}]},{"@type":"ImageObject","inLanguage":"es","@id":"https:\/\/tatamercado.com\/about-us\/#primaryimage","url":"https:\/\/tatamercado.com\/wp-content\/uploads\/2025\/01\/about-1.jpg","contentUrl":"https:\/\/tatamercado.com\/wp-content\/uploads\/2025\/01\/about-1.jpg"},{"@type":"BreadcrumbList","@id":"https:\/\/tatamercado.com\/about-us\/#breadcrumb","itemListElement":[{"@type":"ListItem","position":1,"name":"Home","item":"https:\/\/tatamercado.com\/"},{"@type":"ListItem","position":2,"name":"Sobre nosotros"}]},{"@type":"WebSite","@id":"https:\/\/tatamercado.com\/#website","url":"https:\/\/tatamercado.com\/","name":"Tata mercado","description":"Tata Super mercado","publisher":{"@id":"https:\/\/tatamercado.com\/#organization"},"potentialAction":[{"@type":"SearchAction","target":{"@type":"EntryPoint","urlTemplate":"https:\/\/tatamercado.com\/?s={search_term_string}"},"query-input":{"@type":"PropertyValueSpecification","valueRequired":true,"valueName":"search_term_string"}}],"inLanguage":"es"},{"@type":"Organization","@id":"https:\/\/tatamercado.com\/#organization","name":"Tata mercado","url":"https:\/\/tatamercado.com\/","logo":{"@type":"ImageObject","inLanguage":"es","@id":"https:\/\/tatamercado.com\/#\/schema\/logo\/image\/","url":"https:\/\/tatamercado.com\/wp-content\/uploads\/2025\/01\/logo-60.svg","contentUrl":"https:\/\/tatamercado.com\/wp-content\/uploads\/2025\/01\/logo-60.svg","width":170,"height":60,"caption":"Tata mercado"},"image":{"@id":"https:\/\/tatamercado.com\/#\/schema\/logo\/image\/"}}]}},"_links":{"self":[{"href":"https:\/\/tatamercado.com\/es\/wp-json\/wp\/v2\/pages\/292","targetHints":{"allow":["GET"]}}],"collection":[{"href":"https:\/\/tatamercado.com\/es\/wp-json\/wp\/v2\/pages"}],"about":[{"href":"https:\/\/tatamercado.com\/es\/wp-json\/wp\/v2\/types\/page"}],"author":[{"embeddable":true,"href":"https:\/\/tatamercado.com\/es\/wp-json\/wp\/v2\/users\/1"}],"replies":[{"embeddable":true,"href":"https:\/\/tatamercado.com\/es\/wp-json\/wp\/v2\/comments?post=292"}],"version-history":[{"count":74,"href":"https:\/\/tatamercado.com\/es\/wp-json\/wp\/v2\/pages\/292\/revisions"}],"predecessor-version":[{"id":6506,"href":"https:\/\/tatamercado.com\/es\/wp-json\/wp\/v2\/pages\/292\/revisions\/6506"}],"wp:attachment":[{"href":"https:\/\/tatamercado.com\/es\/wp-json\/wp\/v2\/media?parent=292"}],"curies":[{"name":"wp","href":"https:\/\/api.w.org\/{rel}","templated":true}]}}