{"id":5309,"date":"2025-05-23T17:25:33","date_gmt":"2025-05-23T09:25:33","guid":{"rendered":"https:\/\/tatamercado.com\/?post_type=product&#038;p=5309"},"modified":"2025-05-23T21:15:12","modified_gmt":"2025-05-23T13:15:12","slug":"productos-de-belleza-lapiz-de-ojos","status":"publish","type":"product","link":"https:\/\/tatamercado.com\/es\/product\/productos-de-belleza-lapiz-de-ojos\/","title":{"rendered":"L\u00e1piz de ojos"},"content":{"rendered":"<p><img fetchpriority=\"high\" decoding=\"async\" class=\"alignnone size-full wp-image-5310\" src=\"https:\/\/tatamercado.com\/wp-content\/uploads\/2025\/05\/99-5.jpg\" alt=\"\" width=\"300\" height=\"198\" srcset=\"https:\/\/tatamercado.com\/wp-content\/uploads\/2025\/05\/99-5.jpg 300w, https:\/\/tatamercado.com\/wp-content\/uploads\/2025\/05\/99-5-18x12.jpg 18w, https:\/\/tatamercado.com\/wp-content\/uploads\/2025\/05\/99-5-150x99.jpg 150w\" sizes=\"(max-width: 300px) 100vw, 300px\" \/><\/p>\n","protected":false},"excerpt":{"rendered":"<h3 data-start=\"40\" data-end=\"88\">Trazo definido, color intenso sin borrones<\/h3>\n<p data-start=\"89\" data-end=\"304\">El delineador en gel tiene una textura suave y fluida con un color profundo y vibrante. Permite definir f\u00e1cilmente una mirada intensa y seductora, siendo la elecci\u00f3n profesional para un maquillaje de ojos impecable.<\/p>\n<p data-start=\"306\" data-end=\"339\"><strong data-start=\"306\" data-end=\"339\">Caracter\u00edsticas del producto:<\/strong><\/p>\n<ul data-start=\"341\" data-end=\"898\">\n<li data-start=\"341\" data-end=\"466\">\n<p data-start=\"343\" data-end=\"466\"><strong data-start=\"343\" data-end=\"361\">Color intenso:<\/strong> F\u00f3rmula de alta pigmentaci\u00f3n, trazo definido con una sola pasada, negro profundo que realza la mirada.<\/p>\n<\/li>\n<li data-start=\"467\" data-end=\"608\">\n<p data-start=\"469\" data-end=\"608\"><strong data-start=\"469\" data-end=\"500\">Aplicaci\u00f3n suave y precisa:<\/strong> Textura cremosa y delicada, se desliza sin tirones ni interrupciones, ideal para todo tipo de delineados.<\/p>\n<\/li>\n<li data-start=\"609\" data-end=\"753\">\n<p data-start=\"611\" data-end=\"753\"><strong data-start=\"611\" data-end=\"628\">Uso vers\u00e1til:<\/strong> Puede aplicarse con brocha angular o fina para delinear el p\u00e1rpado superior e inferior, o difuminarse como base de sombra.<\/p>\n<\/li>\n<li data-start=\"754\" data-end=\"898\">\n<p data-start=\"756\" data-end=\"898\"><strong data-start=\"756\" data-end=\"781\">Duraci\u00f3n profesional:<\/strong> Fijaci\u00f3n potente y duradera, resistente a manchas y perfecta tanto para el uso diario como para maquillaje esc\u00e9nico.<\/p>\n<\/li>\n<\/ul>\n<p data-start=\"900\" data-end=\"927\"><strong data-start=\"900\" data-end=\"927\">Recomendaciones de uso:<\/strong><\/p>\n<ol data-start=\"929\" data-end=\"1346\">\n<li data-start=\"929\" data-end=\"1008\">\n<p data-start=\"932\" data-end=\"1008\">Usa una brocha angular o fina para tomar una peque\u00f1a cantidad de producto.<\/p>\n<\/li>\n<li data-start=\"1009\" data-end=\"1159\">\n<p data-start=\"1012\" data-end=\"1159\">Comienza desde el lagrimal o el extremo del ojo, delineando suavemente a lo largo de la ra\u00edz de las pesta\u00f1as, ajustando el grosor seg\u00fan se desee.<\/p>\n<\/li>\n<li data-start=\"1160\" data-end=\"1267\">\n<p data-start=\"1163\" data-end=\"1267\">Puedes ajustar la textura en el dorso de la mano antes de aplicar para facilitar el control del color.<\/p>\n<\/li>\n<li data-start=\"1268\" data-end=\"1346\">\n<p data-start=\"1271\" data-end=\"1346\">Cierra bien el frasco despu\u00e9s de usar para evitar que el producto se seque.<\/p>\n<\/li>\n<\/ol>\n","protected":false},"featured_media":5312,"comment_status":"open","ping_status":"closed","template":"","meta":[],"product_brand":[],"product_cat":[6301],"product_tag":[],"class_list":{"0":"post-5309","1":"product","2":"type-product","3":"status-publish","4":"has-post-thumbnail","6":"product_region-13-de-marzo","7":"product_region-abreus","8":"product_region-aguada-de-pasajeros","9":"product_region-alquizar","10":"product_region-amancio","11":"product_region-antilla","12":"product_region-argelia","13":"product_region-arroyo-naranjo","14":"product_region-artemisa-artemisa-2","15":"product_region-artemisa","16":"product_region-atanagildo","17":"product_region-baguanos","18":"product_region-bahia-honda","19":"product_region-banes","20":"product_region-baracoa","21":"product_region-baragua","22":"product_region-bartolome-maso","23":"product_region-batabano","24":"product_region-bauta","25":"product_region-bayamoyara","26":"product_region-bejucal","27":"product_region-bolivia","28":"product_region-boyeros","29":"product_region-buey-arriba","30":"product_region-cabaiguan","31":"product_region-cacocum","32":"product_region-caibarien","33":"product_region-caimanera","34":"product_region-caimito","35":"product_region-calimete","36":"product_region-calixto-garcia","37":"product_region-camaguey-camaguey-2","38":"product_region-camaguey","39":"product_region-camajuani","40":"product_region-campechuela","41":"product_region-candelaria","42":"product_region-cardenas","43":"product_region-carlos-manuel-de-cespedes","44":"product_region-cauto-cristo","45":"product_region-centro-habana","46":"product_region-cerro","47":"product_region-chambas","48":"product_region-ciego-de-avila-ciego-de-avila-2","49":"product_region-ciego-de-avila","50":"product_region-cienaga-de-zapata","51":"product_region-cienfuegos","52":"product_region-cienfuegos-cienfuegos-2","53":"product_region-cifuentes","54":"product_region-ciro-redondo","55":"product_region-ciro-redondo-isla-de-la-juventud-2","56":"product_region-cocodrilo","57":"product_region-colombia","58":"product_region-colon","59":"product_region-consolacion-del-sur","60":"product_region-contramaestre","61":"product_region-corralillo","62":"product_region-cotorro","63":"product_region-cruces","64":"product_region-cueto","65":"product_region-cumanayagua","66":"product_region-delio-chacon","67":"product_region-diez-de-octubre","68":"product_region-el-caolin","69":"product_region-el-salvador","70":"product_region-el-tronco","71":"product_region-encrucijada","72":"product_region-esmeralda","73":"product_region-florencia","74":"product_region-florida","75":"product_region-fomento","76":"product_region-frank-pais-isla-de-la-juventud-2","77":"product_region-frank-pais","78":"product_region-gibara","79":"product_region-granma","80":"product_region-guaimaro","81":"product_region-guama","82":"product_region-guanabacoa","83":"product_region-guanajay","84":"product_region-guane","85":"product_region-guantanamo","86":"product_region-guantanamo-guantanamo-2","87":"product_region-guines","88":"product_region-guira-de-melena","89":"product_region-guisa","90":"product_region-holguin-holguin-2","91":"product_region-holguin","92":"product_region-imias","93":"product_region-isla-de-la-juventud","94":"product_region-jaguey-grande","95":"product_region-jaruco","96":"product_region-jesus-menendez","97":"product_region-jguani","98":"product_region-jmaguayu","99":"product_region-jobabo","100":"product_region-jose-marti","101":"product_region-jovellanos","102":"product_region-julio-a-mella","103":"product_region-la-demajagua","104":"product_region-la-fe","105":"product_region-la-habana","106":"product_region-la-habana-del-este","107":"product_region-la-habana-vieja","108":"product_region-la-isabel","109":"product_region-la-lisa","110":"product_region-la-palma","111":"product_region-la-reforma","112":"product_region-la-sierpe","113":"product_region-la-victoria","114":"product_region-lajas","115":"product_region-las-tunas-las-tunas-2","116":"product_region-las-tunas","117":"product_region-limonar","118":"product_region-los-arabos","119":"product_region-los-mangos","120":"product_region-los-palacios","121":"product_region-madruga","122":"product_region-maisi","123":"product_region-majagua","124":"product_region-majbacoa","125":"product_region-mal-pais","126":"product_region-manati","127":"product_region-maniadero","128":"product_region-manicaragua","129":"product_region-mantua","130":"product_region-manuel-tames","131":"product_region-manzanillo","132":"product_region-marianao","133":"product_region-mariel","134":"product_region-marti","135":"product_region-matanzas-matanzas-2","136":"product_region-matanzas","137":"product_region-mayabeque","138":"product_region-mayari","139":"product_region-media-luna","140":"product_region-melena-del-sur","141":"product_region-mella","142":"product_region-mella-citricos","143":"product_region-mella-vaquero","144":"product_region-minas","145":"product_region-minas-de-matahambre","146":"product_region-moa","147":"product_region-moron","148":"product_region-najasa","149":"product_region-niceto-perez","150":"product_region-niquero","151":"product_region-nueva-gerona","152":"product_region-nueva-paz","153":"product_region-nuevitas","154":"product_region-palma-soriano","155":"product_region-palmira","156":"product_region-patricio-lumumba","157":"product_region-pedro-betancourt","158":"product_region-perico","159":"product_region-pilon","160":"product_region-pinar-del-rio-pinar-del-rio-2","161":"product_region-pinar-del-rio","162":"product_region-pino-alto","163":"product_region-placetas","164":"product_region-playa","165":"product_region-playa-bibjjagua","166":"product_region-plaza-de-la-revolucion","167":"product_region-primero-de-enero","168":"product_region-puerto-padre","169":"product_region-quemado-de-guines","170":"product_region-quivican","171":"product_region-rafael-freire","172":"product_region-ranchuelo","173":"product_region-regla","174":"product_region-remedios","175":"product_region-resplandor","176":"product_region-rio-cauto","177":"product_region-rodas","178":"product_region-sagua-de-tanamo","179":"product_region-sagua-la-grande","180":"product_region-san-antonio-de-los-banos","181":"product_region-san-antonio-del-sur","182":"product_region-san-cristobal","183":"product_region-san-jose-de-las-lajas","184":"product_region-san-juan-y-martinez","185":"product_region-san-luis","186":"product_region-san-luis-santiago-de-cuba-2","187":"product_region-san-miguel-del-padron","188":"product_region-san-nicolas-de-bari","189":"product_region-sancti-spiritus-sancti-spiritus-2","190":"product_region-sancti-spiritus","191":"product_region-sandino","192":"product_region-santa-clara","193":"product_region-santa-cruz-del-norte","194":"product_region-santa-cruz-del-sur","195":"product_region-santiago-de-cuba","196":"product_region-santiago-de-cuba-santiago-de-cuba-2","197":"product_region-santo-domingo","198":"product_region-segundo-frente","199":"product_region-sibanicu","200":"product_region-sierra-de-cubitas","201":"product_region-songo-la-maya","202":"product_region-taguasco","203":"product_region-tercer-frente","204":"product_region-tibonico","205":"product_region-trinidad","206":"product_region-union-de-reyes","207":"product_region-urbano-noris","208":"product_region-venezuela","209":"product_region-vertientes","210":"product_region-villa-clara","211":"product_region-vinales","212":"product_region-yaguajayja","213":"product_region-yateras","214":"product_cat-cosmetics","216":"first","217":"instock","218":"sale","219":"shipping-taxable","220":"purchasable","221":"product-type-simple"},"yoast_head":"<!-- This site is optimized with the Yoast SEO plugin v24.9 - https:\/\/yoast.com\/wordpress\/plugins\/seo\/ -->\n<title>L\u00e1piz de ojos - Tata mercado<\/title>\n<meta name=\"robots\" content=\"noindex, follow, max-snippet:-1, max-image-preview:large, max-video-preview:-1\" \/>\n<meta property=\"og:locale\" content=\"es_ES\" \/>\n<meta property=\"og:type\" content=\"article\" \/>\n<meta property=\"og:title\" content=\"L\u00e1piz de ojos - Tata mercado\" \/>\n<meta property=\"og:description\" content=\"Trazo definido, color intenso sin borrones El delineador en gel tiene una textura suave y fluida con un color profundo y vibrante. Permite definir f\u00e1cilmente una mirada intensa y seductora, siendo la elecci\u00f3n profesional para un maquillaje de ojos impecable. Caracter\u00edsticas del producto:     Color intenso: F\u00f3rmula de alta pigmentaci\u00f3n, trazo definido con una sola pasada, negro profundo que realza la mirada.    Aplicaci\u00f3n suave y precisa: Textura cremosa y delicada, se desliza sin tirones ni interrupciones, ideal para todo tipo de delineados.    Uso vers\u00e1til: Puede aplicarse con brocha angular o fina para delinear el p\u00e1rpado superior e inferior, o difuminarse como base de sombra.    Duraci\u00f3n profesional: Fijaci\u00f3n potente y duradera, resistente a manchas y perfecta tanto para el uso diario como para maquillaje esc\u00e9nico.   Recomendaciones de uso:     Usa una brocha angular o fina para tomar una peque\u00f1a cantidad de producto.    Comienza desde el lagrimal o el extremo del ojo, delineando suavemente a lo largo de la ra\u00edz de las pesta\u00f1as, ajustando el grosor seg\u00fan se desee.    Puedes ajustar la textura en el dorso de la mano antes de aplicar para facilitar el control del color.    Cierra bien el frasco despu\u00e9s de usar para evitar que el producto se seque.\" \/>\n<meta property=\"og:url\" content=\"https:\/\/tatamercado.com\/es\/product\/productos-de-belleza-lapiz-de-ojos\/\" \/>\n<meta property=\"og:site_name\" content=\"Tata mercado\" \/>\n<meta property=\"article:modified_time\" content=\"2025-05-23T13:15:12+00:00\" \/>\n<meta property=\"og:image\" content=\"https:\/\/tatamercado.com\/wp-content\/uploads\/2025\/05\/9-6.jpg\" \/>\n\t<meta property=\"og:image:width\" content=\"400\" \/>\n\t<meta property=\"og:image:height\" content=\"400\" \/>\n\t<meta property=\"og:image:type\" content=\"image\/jpeg\" \/>\n<meta name=\"twitter:card\" content=\"summary_large_image\" \/>\n<meta name=\"twitter:label1\" content=\"Tiempo de lectura\" \/>\n\t<meta name=\"twitter:data1\" content=\"1 minuto\" \/>\n<script type=\"application\/ld+json\" class=\"yoast-schema-graph\">{\"@context\":\"https:\/\/schema.org\",\"@graph\":[{\"@type\":\"WebPage\",\"@id\":\"https:\/\/tatamercado.com\/product\/productos-de-belleza-lapiz-de-ojos\/\",\"url\":\"https:\/\/tatamercado.com\/product\/productos-de-belleza-lapiz-de-ojos\/\",\"name\":\"L\u00e1piz de ojos - Tata mercado\",\"isPartOf\":{\"@id\":\"https:\/\/tatamercado.com\/#website\"},\"primaryImageOfPage\":{\"@id\":\"https:\/\/tatamercado.com\/product\/productos-de-belleza-lapiz-de-ojos\/#primaryimage\"},\"image\":{\"@id\":\"https:\/\/tatamercado.com\/product\/productos-de-belleza-lapiz-de-ojos\/#primaryimage\"},\"thumbnailUrl\":\"https:\/\/tatamercado.com\/wp-content\/uploads\/2025\/05\/9-6.jpg\",\"datePublished\":\"2025-05-23T09:25:33+00:00\",\"dateModified\":\"2025-05-23T13:15:12+00:00\",\"breadcrumb\":{\"@id\":\"https:\/\/tatamercado.com\/product\/productos-de-belleza-lapiz-de-ojos\/#breadcrumb\"},\"inLanguage\":\"es\",\"potentialAction\":[{\"@type\":\"ReadAction\",\"target\":[\"https:\/\/tatamercado.com\/product\/productos-de-belleza-lapiz-de-ojos\/\"]}]},{\"@type\":\"ImageObject\",\"inLanguage\":\"es\",\"@id\":\"https:\/\/tatamercado.com\/product\/productos-de-belleza-lapiz-de-ojos\/#primaryimage\",\"url\":\"https:\/\/tatamercado.com\/wp-content\/uploads\/2025\/05\/9-6.jpg\",\"contentUrl\":\"https:\/\/tatamercado.com\/wp-content\/uploads\/2025\/05\/9-6.jpg\",\"width\":400,\"height\":400},{\"@type\":\"BreadcrumbList\",\"@id\":\"https:\/\/tatamercado.com\/product\/productos-de-belleza-lapiz-de-ojos\/#breadcrumb\",\"itemListElement\":[{\"@type\":\"ListItem\",\"position\":1,\"name\":\"Home\",\"item\":\"https:\/\/tatamercado.com\/\"},{\"@type\":\"ListItem\",\"position\":2,\"name\":\"Comercio\",\"item\":\"https:\/\/tatamercado.com\/shop\/\"},{\"@type\":\"ListItem\",\"position\":3,\"name\":\"L\u00e1piz de ojos\"}]},{\"@type\":\"WebSite\",\"@id\":\"https:\/\/tatamercado.com\/#website\",\"url\":\"https:\/\/tatamercado.com\/\",\"name\":\"Tata mercado\",\"description\":\"Tata Super mercado\",\"publisher\":{\"@id\":\"https:\/\/tatamercado.com\/#organization\"},\"potentialAction\":[{\"@type\":\"SearchAction\",\"target\":{\"@type\":\"EntryPoint\",\"urlTemplate\":\"https:\/\/tatamercado.com\/?s={search_term_string}\"},\"query-input\":{\"@type\":\"PropertyValueSpecification\",\"valueRequired\":true,\"valueName\":\"search_term_string\"}}],\"inLanguage\":\"es\"},{\"@type\":\"Organization\",\"@id\":\"https:\/\/tatamercado.com\/#organization\",\"name\":\"Tata mercado\",\"url\":\"https:\/\/tatamercado.com\/\",\"logo\":{\"@type\":\"ImageObject\",\"inLanguage\":\"es\",\"@id\":\"https:\/\/tatamercado.com\/#\/schema\/logo\/image\/\",\"url\":\"https:\/\/tatamercado.com\/wp-content\/uploads\/2025\/01\/logo-60.svg\",\"contentUrl\":\"https:\/\/tatamercado.com\/wp-content\/uploads\/2025\/01\/logo-60.svg\",\"width\":170,\"height\":60,\"caption\":\"Tata mercado\"},\"image\":{\"@id\":\"https:\/\/tatamercado.com\/#\/schema\/logo\/image\/\"}}]}<\/script>\n<!-- \/ Yoast SEO plugin. -->","yoast_head_json":{"title":"L\u00e1piz de ojos - Tata mercado","robots":{"index":"noindex","follow":"follow","max-snippet":"max-snippet:-1","max-image-preview":"max-image-preview:large","max-video-preview":"max-video-preview:-1"},"og_locale":"es_ES","og_type":"article","og_title":"L\u00e1piz de ojos - Tata mercado","og_description":"Trazo definido, color intenso sin borrones El delineador en gel tiene una textura suave y fluida con un color profundo y vibrante. Permite definir f\u00e1cilmente una mirada intensa y seductora, siendo la elecci\u00f3n profesional para un maquillaje de ojos impecable. Caracter\u00edsticas del producto:     Color intenso: F\u00f3rmula de alta pigmentaci\u00f3n, trazo definido con una sola pasada, negro profundo que realza la mirada.    Aplicaci\u00f3n suave y precisa: Textura cremosa y delicada, se desliza sin tirones ni interrupciones, ideal para todo tipo de delineados.    Uso vers\u00e1til: Puede aplicarse con brocha angular o fina para delinear el p\u00e1rpado superior e inferior, o difuminarse como base de sombra.    Duraci\u00f3n profesional: Fijaci\u00f3n potente y duradera, resistente a manchas y perfecta tanto para el uso diario como para maquillaje esc\u00e9nico.   Recomendaciones de uso:     Usa una brocha angular o fina para tomar una peque\u00f1a cantidad de producto.    Comienza desde el lagrimal o el extremo del ojo, delineando suavemente a lo largo de la ra\u00edz de las pesta\u00f1as, ajustando el grosor seg\u00fan se desee.    Puedes ajustar la textura en el dorso de la mano antes de aplicar para facilitar el control del color.    Cierra bien el frasco despu\u00e9s de usar para evitar que el producto se seque.","og_url":"https:\/\/tatamercado.com\/es\/product\/productos-de-belleza-lapiz-de-ojos\/","og_site_name":"Tata mercado","article_modified_time":"2025-05-23T13:15:12+00:00","og_image":[{"width":400,"height":400,"url":"https:\/\/tatamercado.com\/wp-content\/uploads\/2025\/05\/9-6.jpg","type":"image\/jpeg"}],"twitter_card":"summary_large_image","twitter_misc":{"Tiempo de lectura":"1 minuto"},"schema":{"@context":"https:\/\/schema.org","@graph":[{"@type":"WebPage","@id":"https:\/\/tatamercado.com\/product\/productos-de-belleza-lapiz-de-ojos\/","url":"https:\/\/tatamercado.com\/product\/productos-de-belleza-lapiz-de-ojos\/","name":"L\u00e1piz de ojos - Tata mercado","isPartOf":{"@id":"https:\/\/tatamercado.com\/#website"},"primaryImageOfPage":{"@id":"https:\/\/tatamercado.com\/product\/productos-de-belleza-lapiz-de-ojos\/#primaryimage"},"image":{"@id":"https:\/\/tatamercado.com\/product\/productos-de-belleza-lapiz-de-ojos\/#primaryimage"},"thumbnailUrl":"https:\/\/tatamercado.com\/wp-content\/uploads\/2025\/05\/9-6.jpg","datePublished":"2025-05-23T09:25:33+00:00","dateModified":"2025-05-23T13:15:12+00:00","breadcrumb":{"@id":"https:\/\/tatamercado.com\/product\/productos-de-belleza-lapiz-de-ojos\/#breadcrumb"},"inLanguage":"es","potentialAction":[{"@type":"ReadAction","target":["https:\/\/tatamercado.com\/product\/productos-de-belleza-lapiz-de-ojos\/"]}]},{"@type":"ImageObject","inLanguage":"es","@id":"https:\/\/tatamercado.com\/product\/productos-de-belleza-lapiz-de-ojos\/#primaryimage","url":"https:\/\/tatamercado.com\/wp-content\/uploads\/2025\/05\/9-6.jpg","contentUrl":"https:\/\/tatamercado.com\/wp-content\/uploads\/2025\/05\/9-6.jpg","width":400,"height":400},{"@type":"BreadcrumbList","@id":"https:\/\/tatamercado.com\/product\/productos-de-belleza-lapiz-de-ojos\/#breadcrumb","itemListElement":[{"@type":"ListItem","position":1,"name":"Home","item":"https:\/\/tatamercado.com\/"},{"@type":"ListItem","position":2,"name":"Comercio","item":"https:\/\/tatamercado.com\/shop\/"},{"@type":"ListItem","position":3,"name":"L\u00e1piz de ojos"}]},{"@type":"WebSite","@id":"https:\/\/tatamercado.com\/#website","url":"https:\/\/tatamercado.com\/","name":"Tata mercado","description":"Tata Super mercado","publisher":{"@id":"https:\/\/tatamercado.com\/#organization"},"potentialAction":[{"@type":"SearchAction","target":{"@type":"EntryPoint","urlTemplate":"https:\/\/tatamercado.com\/?s={search_term_string}"},"query-input":{"@type":"PropertyValueSpecification","valueRequired":true,"valueName":"search_term_string"}}],"inLanguage":"es"},{"@type":"Organization","@id":"https:\/\/tatamercado.com\/#organization","name":"Tata mercado","url":"https:\/\/tatamercado.com\/","logo":{"@type":"ImageObject","inLanguage":"es","@id":"https:\/\/tatamercado.com\/#\/schema\/logo\/image\/","url":"https:\/\/tatamercado.com\/wp-content\/uploads\/2025\/01\/logo-60.svg","contentUrl":"https:\/\/tatamercado.com\/wp-content\/uploads\/2025\/01\/logo-60.svg","width":170,"height":60,"caption":"Tata mercado"},"image":{"@id":"https:\/\/tatamercado.com\/#\/schema\/logo\/image\/"}}]}},"_links":{"self":[{"href":"https:\/\/tatamercado.com\/es\/wp-json\/wp\/v2\/product\/5309","targetHints":{"allow":["GET"]}}],"collection":[{"href":"https:\/\/tatamercado.com\/es\/wp-json\/wp\/v2\/product"}],"about":[{"href":"https:\/\/tatamercado.com\/es\/wp-json\/wp\/v2\/types\/product"}],"replies":[{"embeddable":true,"href":"https:\/\/tatamercado.com\/es\/wp-json\/wp\/v2\/comments?post=5309"}],"version-history":[{"count":3,"href":"https:\/\/tatamercado.com\/es\/wp-json\/wp\/v2\/product\/5309\/revisions"}],"predecessor-version":[{"id":5316,"href":"https:\/\/tatamercado.com\/es\/wp-json\/wp\/v2\/product\/5309\/revisions\/5316"}],"wp:featuredmedia":[{"embeddable":true,"href":"https:\/\/tatamercado.com\/es\/wp-json\/wp\/v2\/media\/5312"}],"wp:attachment":[{"href":"https:\/\/tatamercado.com\/es\/wp-json\/wp\/v2\/media?parent=5309"}],"wp:term":[{"taxonomy":"product_brand","embeddable":true,"href":"https:\/\/tatamercado.com\/es\/wp-json\/wp\/v2\/product_brand?post=5309"},{"taxonomy":"product_cat","embeddable":true,"href":"https:\/\/tatamercado.com\/es\/wp-json\/wp\/v2\/product_cat?post=5309"},{"taxonomy":"product_tag","embeddable":true,"href":"https:\/\/tatamercado.com\/es\/wp-json\/wp\/v2\/product_tag?post=5309"}],"curies":[{"name":"wp","href":"https:\/\/api.w.org\/{rel}","templated":true}]}}